{"id":47,"date":"2024-05-01T07:36:12","date_gmt":"2024-05-01T07:36:12","guid":{"rendered":"https:\/\/zamko.dreamhosters.com\/?page_id=47"},"modified":"2026-01-23T10:59:08","modified_gmt":"2026-01-23T10:59:08","slug":"blog","status":"publish","type":"page","link":"https:\/\/zamko.eu\/de\/blog\/","title":{"rendered":"Blog"},"content":{"rendered":"<div data-elementor-type=\"wp-page\" data-elementor-id=\"47\" class=\"elementor elementor-47\" data-elementor-post-type=\"page\">\n\t\t\t\t<div class=\"elementor-element elementor-element-d282a2d e-flex e-con-boxed e-con e-parent\" data-id=\"d282a2d\" data-element_type=\"container\" data-e-type=\"container\">\n\t\t\t\t\t<div class=\"e-con-inner\">\n\t\t\t\t<div class=\"elementor-element elementor-element-8647fe8 elementor-widget elementor-widget-heading\" data-id=\"8647fe8\" data-element_type=\"widget\" data-e-type=\"widget\" data-widget_type=\"heading.default\">\n\t\t\t\t\t<h1 class=\"elementor-heading-title elementor-size-default\">Blog\/Nachrichten\n<\/h1>\t\t\t\t<\/div>\n\t\t\t\t<div class=\"elementor-element elementor-element-94c8b27 elementor-widget elementor-widget-text-editor\" data-id=\"94c8b27\" data-element_type=\"widget\" data-e-type=\"widget\" data-widget_type=\"text-editor.default\">\n\t\t\t\t\t\t\t\t\t<section class=\"solution_intro_3about work news\"><div class=\"shell\"><div class=\"grid\"><div class=\"left\"><p>Mit unserem Blog-(News-)Bereich sind Sie stets \u00fcber die relevantesten und vorteilhaftesten Trends in Verpackungsprodukten und Logistik informiert. Dies ist ein entscheidender Faktor f\u00fcr jede erfolgreiche Branche! Unten finden Sie Expertenrat und Hilfestellungen, wie Sie eine optimale L\u00f6sung finden, die sowohl rentabel ist als auch speziell f\u00fcr Ihre Waren entwickelt wurde.<\/p><\/div><\/div><\/div><\/section>\t\t\t\t\t\t\t\t<\/div>\n\t\t\t\t<div class=\"elementor-element elementor-element-ef63b3b elementor-widget elementor-widget-shortcode\" data-id=\"ef63b3b\" data-element_type=\"widget\" data-e-type=\"widget\" data-widget_type=\"shortcode.default\">\n\t\t\t\t\t\t\t<div class=\"elementor-shortcode\">\n    <div id=\"blog-wrapper\">\n\t\t<div class=\"blog-head\">\n\t\t\t<input type=\"text\" id=\"blog-search\" placeholder=\"Nach Neuigkeiten suchen\">\n\t\t\t<select id=\"blog-category\" onchange=\"if(this.value) window.location.href = this.selectedOptions[0].dataset.url;\">\n\t\t\t\t<option value=\"\" data-url=\"\/blog\">Alle Kategorien<\/option>\n\n\t\t\t\t\t\t\t\t\t<option value=\"pallet-box-applications-industries\" data-url=\"https:\/\/zamko.eu\/de\/blog\/palettenboxen-anwendungen-branchen\/\" >\n\t\t\t\t\t\tAnwendungen und Branchen\t\t\t\t\t<\/option>\n\t\t\t\t\t\t\t\t\t<option value=\"pallet-box-case-studies\" data-url=\"https:\/\/zamko.eu\/de\/blog\/palettenboxen-fallstudien\/\" >\n\t\t\t\t\t\tFallstudien und Erfolgsgeschichten\t\t\t\t\t<\/option>\n\t\t\t\t\t\t\t\t\t<option value=\"reusable-pallet-box-cost-roi\" data-url=\"https:\/\/zamko.eu\/de\/blog\/mehrweg-palettenboxen-kosten-roi\/\" >\n\t\t\t\t\t\tKosten &amp; ROI\t\t\t\t\t<\/option>\n\t\t\t\t\t\t\t\t\t<option value=\"reusable-pallet-box-comparison\" data-url=\"https:\/\/zamko.eu\/de\/blog\/mehrweg-palettenboxen-vergleich\/\" >\n\t\t\t\t\t\tProdukttypen, Spezifikationen und Vergleiche\t\t\t\t\t<\/option>\n\t\t\t\t\t\t\t\t\t<option value=\"pallet-box-sustainability-regulations\" data-url=\"https:\/\/zamko.eu\/de\/blog\/palettenboxen-nachhaltigkeit-vorschriften\/\" >\n\t\t\t\t\t\tNachhaltigkeit und Vorschriften\t\t\t\t\t<\/option>\n\t\t\t\t\t\t\t<\/select>\n\t\t\t<div class=\"blog-category-links\">\n\t\t\t\t<a href=\"https:\/\/zamko.eu\/de\/blog\/\" class=\"active\">\n\t\t\t\t\tAlle\n\t\t\t\t<\/a>\n\t\t\t\t\t\t\t\t\t<a href=\"https:\/\/zamko.eu\/de\/blog\/palettenboxen-anwendungen-branchen\/\" class=\"\">\n\t\t\t\t\t\tAnwendungen und Branchen\t\t\t\t\t<\/a>\n\t\t\t\t\t\t\t\t\t<a href=\"https:\/\/zamko.eu\/de\/blog\/palettenboxen-fallstudien\/\" class=\"\">\n\t\t\t\t\t\tFallstudien und Erfolgsgeschichten\t\t\t\t\t<\/a>\n\t\t\t\t\t\t\t\t\t<a href=\"https:\/\/zamko.eu\/de\/blog\/mehrweg-palettenboxen-kosten-roi\/\" class=\"\">\n\t\t\t\t\t\tKosten &amp; ROI\t\t\t\t\t<\/a>\n\t\t\t\t\t\t\t\t\t<a href=\"https:\/\/zamko.eu\/de\/blog\/mehrweg-palettenboxen-vergleich\/\" class=\"\">\n\t\t\t\t\t\tProdukttypen, Spezifikationen und Vergleiche\t\t\t\t\t<\/a>\n\t\t\t\t\t\t\t\t\t<a href=\"https:\/\/zamko.eu\/de\/blog\/palettenboxen-nachhaltigkeit-vorschriften\/\" class=\"\">\n\t\t\t\t\t\tNachhaltigkeit und Vorschriften\t\t\t\t\t<\/a>\n\t\t\t\t\t\t\t<\/div>\n\t\t<\/div>\n        <div id=\"blog-results\"><\/div>\n        <button id=\"blog-loadmore\" data-page=\"1\">Mehr laden<\/button>\n\n    <\/div>\n\n    <\/div>\n\t\t\t\t\t\t<\/div>\n\t\t\t\t\t<\/div>\n\t\t\t\t<\/div>\n\t\t\t\t<\/div>","protected":false},"excerpt":{"rendered":"<p>Blog\/News With our Blog (News) sector, you\u2019ll always be up to date with the most relevant and advantage trends in packaging products and logistics. And this is a key factor in any successful industry! Below you will find expert advice and help on how to find an optimal solution that is profitable and designed for [&hellip;]<\/p>","protected":false},"author":32,"featured_media":22194,"parent":0,"menu_order":0,"comment_status":"closed","ping_status":"closed","template":"elementor_header_footer","meta":{"_acf_changed":false,"footnotes":""},"class_list":["post-47","page","type-page","status-publish","has-post-thumbnail","hentry"],"acf":[],"_links":{"self":[{"href":"https:\/\/zamko.eu\/de\/wp-json\/wp\/v2\/pages\/47","targetHints":{"allow":["GET"]}}],"collection":[{"href":"https:\/\/zamko.eu\/de\/wp-json\/wp\/v2\/pages"}],"about":[{"href":"https:\/\/zamko.eu\/de\/wp-json\/wp\/v2\/types\/page"}],"author":[{"embeddable":true,"href":"https:\/\/zamko.eu\/de\/wp-json\/wp\/v2\/users\/32"}],"replies":[{"embeddable":true,"href":"https:\/\/zamko.eu\/de\/wp-json\/wp\/v2\/comments?post=47"}],"version-history":[{"count":3,"href":"https:\/\/zamko.eu\/de\/wp-json\/wp\/v2\/pages\/47\/revisions"}],"predecessor-version":[{"id":30905,"href":"https:\/\/zamko.eu\/de\/wp-json\/wp\/v2\/pages\/47\/revisions\/30905"}],"wp:featuredmedia":[{"embeddable":true,"href":"https:\/\/zamko.eu\/de\/wp-json\/wp\/v2\/media\/22194"}],"wp:attachment":[{"href":"https:\/\/zamko.eu\/de\/wp-json\/wp\/v2\/media?parent=47"}],"curies":[{"name":"wp","href":"https:\/\/api.w.org\/{rel}","templated":true}]}}