{"id":19821,"date":"2025-01-14T12:48:50","date_gmt":"2025-01-14T12:48:50","guid":{"rendered":"https:\/\/p1kh5qkfc7.onrocket.site\/product\/meshwire-cage-1100x2500-s2511-850\/"},"modified":"2026-02-23T10:18:46","modified_gmt":"2026-02-23T10:18:46","slug":"meshwire-cage-1100x2500-s2511-850","status":"publish","type":"product","link":"https:\/\/zamko.eu\/de\/produkt\/meshwire-cage-1100x2500-s2511-850\/","title":{"rendered":"Drahtgitterbox \u2013 1100\u00d72500"},"content":{"rendered":"<h2>Maschendrahtk\u00e4fig - 1100\u00d72500<\/h2>","protected":false},"excerpt":{"rendered":"<p>Maschendrahtk\u00e4fig - 1100\u00d72500<\/p>","protected":false},"featured_media":30230,"template":"","meta":{"_acf_changed":false},"product_brand":[],"product_cat":[101],"product_tag":[26,1198],"class_list":{"0":"post-19821","1":"product","2":"type-product","3":"status-publish","4":"has-post-thumbnail","6":"product_cat-mesh-wire-cage","7":"product_tag-new","8":"product_tag-simple","10":"first","11":"instock","12":"shipping-taxable","13":"product-type-simple"},"acf":[],"_links":{"self":[{"href":"https:\/\/zamko.eu\/de\/wp-json\/wp\/v2\/product\/19821","targetHints":{"allow":["GET"]}}],"collection":[{"href":"https:\/\/zamko.eu\/de\/wp-json\/wp\/v2\/product"}],"about":[{"href":"https:\/\/zamko.eu\/de\/wp-json\/wp\/v2\/types\/product"}],"wp:featuredmedia":[{"embeddable":true,"href":"https:\/\/zamko.eu\/de\/wp-json\/wp\/v2\/media\/30230"}],"wp:attachment":[{"href":"https:\/\/zamko.eu\/de\/wp-json\/wp\/v2\/media?parent=19821"}],"wp:term":[{"taxonomy":"product_brand","embeddable":true,"href":"https:\/\/zamko.eu\/de\/wp-json\/wp\/v2\/product_brand?post=19821"},{"taxonomy":"product_cat","embeddable":true,"href":"https:\/\/zamko.eu\/de\/wp-json\/wp\/v2\/product_cat?post=19821"},{"taxonomy":"product_tag","embeddable":true,"href":"https:\/\/zamko.eu\/de\/wp-json\/wp\/v2\/product_tag?post=19821"}],"curies":[{"name":"wp","href":"https:\/\/api.w.org\/{rel}","templated":true}]}}